{"id":1673,"date":"2018-09-07T16:36:09","date_gmt":"2018-09-07T16:36:09","guid":{"rendered":"http:\/\/usbridge.com\/?page_id=1673"},"modified":"2018-09-07T16:36:09","modified_gmt":"2018-09-07T16:36:09","slug":"tubular","status":"publish","type":"page","link":"https:\/\/usbridge.com\/es\/barandilla\/tubular\/","title":{"rendered":"Tubular"},"content":{"rendered":"<p>DESCRIPCI\u00d3N DEL PROYECTO<br \/>\nUna de las construcciones de barandillas de acero m\u00e1s comunes actualmente en uso por los Departamentos de Transporte del Estado es un sistema de rieles tubulares de elementos m\u00faltiples. Construido solo o en combinaci\u00f3n con un bordillo de concreto o una pared de baja barrera, este tipo de riel de poste y vigas ha demostrado una gran resistencia y utilidad tanto como una barrera de tr\u00e1fico como una barrera de combinaci\u00f3n. Existen muchos est\u00e1ndares diferentes probados en choques entre los diferentes DOT estatales y sus alturas sobre el pavimento que var\u00edan tambi\u00e9n. Cada uno puede acomodarse en nuestro dise\u00f1o y planificaci\u00f3n, si se designa el est\u00e1ndar a seguir. Aseg\u00farese de que sus planes o su \u00e1mbito de trabajo hagan referencia al est\u00e1ndar particular que est\u00e1 requiriendo.<\/p>\n","protected":false},"excerpt":{"rendered":"<p>DESCRIPCI\u00d3N DEL PROYECTO Una de las construcciones de barandillas de acero m\u00e1s comunes actualmente en uso por los Departamentos de Transporte del Estado es un sistema de rieles tubulares de elementos m\u00faltiples. Construido solo o en combinaci\u00f3n con un bordillo de concreto o una pared de baja barrera, este tipo de riel de poste y [&hellip;]<\/p>\n","protected":false},"author":6,"featured_media":0,"parent":1083,"menu_order":0,"comment_status":"closed","ping_status":"closed","template":"","meta":{"footnotes":""},"class_list":["post-1673","page","type-page","status-publish","hentry"],"_links":{"self":[{"href":"https:\/\/usbridge.com\/es\/wp-json\/wp\/v2\/pages\/1673","targetHints":{"allow":["GET"]}}],"collection":[{"href":"https:\/\/usbridge.com\/es\/wp-json\/wp\/v2\/pages"}],"about":[{"href":"https:\/\/usbridge.com\/es\/wp-json\/wp\/v2\/types\/page"}],"author":[{"embeddable":true,"href":"https:\/\/usbridge.com\/es\/wp-json\/wp\/v2\/users\/6"}],"replies":[{"embeddable":true,"href":"https:\/\/usbridge.com\/es\/wp-json\/wp\/v2\/comments?post=1673"}],"version-history":[{"count":0,"href":"https:\/\/usbridge.com\/es\/wp-json\/wp\/v2\/pages\/1673\/revisions"}],"up":[{"embeddable":true,"href":"https:\/\/usbridge.com\/es\/wp-json\/wp\/v2\/pages\/1083"}],"wp:attachment":[{"href":"https:\/\/usbridge.com\/es\/wp-json\/wp\/v2\/media?parent=1673"}],"curies":[{"name":"wp","href":"https:\/\/api.w.org\/{rel}","templated":true}]}}