{"id":1123,"date":"2018-08-31T21:49:49","date_gmt":"2018-08-31T21:49:49","guid":{"rendered":"http:\/\/usbridge.com\/?page_id=1123"},"modified":"2018-08-31T21:49:49","modified_gmt":"2018-08-31T21:49:49","slug":"echa-un-vistazo","status":"publish","type":"page","link":"https:\/\/usbridge.com\/es\/inicio\/echa-un-vistazo\/","title":{"rendered":"Echa un vistazo"},"content":{"rendered":"<section  class='av_textblock_section av-jlij6tor-2ff2156bcb61808dfd816d6440e85d67 '   itemscope=\"itemscope\" itemtype=\"https:\/\/schema.org\/CreativeWork\" ><div class='avia_textblock'  itemprop=\"text\" ><p>Puentes<\/p>\n<p>Hagamos que su proyecto cobre vida<\/p>\n<p>Ofrecemos una amplia selecci\u00f3n de estilos de puentes prefabricados para satisfacer las necesidades de su proyecto.<\/p>\n<p>Deje una impresi\u00f3n duradera con uno de los siguientes dise\u00f1os de puentes.<\/p>\n<p>CAMBRIDGE<\/p>\n<p>Puente<\/p>\n<p>Este es un puente de vigas Warren Truss que est\u00e1 formado por una cuerda superior con una geometr\u00eda poligonal (camelback). Este truss elimina los verticales en los puntos del panel de acordes superiores. Es un uso eficiente del acero y uno que es una opci\u00f3n cl\u00e1sica para entornos rurales o industriales.<\/p>\n<p>Ver la especificaci\u00f3n completa<\/p>\n<p>Construye tu puente ahora<\/p>\n<p>Encuentra un representante<\/p>\n<p>CAMBRIDGE FLAT<\/p>\n<p>Puente<\/p>\n<p>Este es un puente de vigas Warren Truss que est\u00e1 formado por un cord\u00f3n superior con una geometr\u00eda de cuerda paralela (plana). Este truss elimina los verticales en los puntos del panel de acordes superiores. Tiene un aspecto robusto y es una excelente opci\u00f3n para puentes o puentes de varios tramos ubicados en entornos urbanos o rurales.<\/p>\n<p>Ver la especificaci\u00f3n completa<\/p>\n<p>Construye tu puente ahora<\/p>\n<p>Encuentra un representante<\/p>\n<p>SENECA<\/p>\n<p>Puente<\/p>\n<p>Este puente de vigas Pratt Truss de cuerda arqueada se forma curvando mec\u00e1nicamente la cuerda superior en forma de arco a lo largo de una curva parab\u00f3lica. Tiene miembros verticales en cada punto del panel que encoge los rayos del piso y minimiza o elimina los larguerillos.<\/p>\n<p>Ver la especificaci\u00f3n completa<\/p>\n<p>Construye tu puente ahora<\/p>\n<p>Encuentra un representante<\/p>\n<p>VIKING<\/p>\n<p>Puente<\/p>\n<p>Este estilo de arco de cuerda arqueada modificado se configura a partir de un Pratt Truss usando postes verticales. Es similar al estilo Seneca, con miembros verticales en cada punto del panel que encoge los rayos del piso y minimiza o elimina los rayos del larguero.<\/p>\n<p>Ver la especificaci\u00f3n completa<\/p>\n<p>Construye tu puente ahora<\/p>\n<p>Encuentra un representante<\/p>\n<p>THRU TRUSS<\/p>\n<p>Puente<\/p>\n<p>Thru Truss describe puentes de truss altos o de caja. Implica marcos de portal que aumentan su capacidad de alcance. Al hacerlo, la separaci\u00f3n vertical sobre la calzada del puente establece la altura del entramado. Debido a las vigas de armadura m\u00e1s profundas, el env\u00edo de secciones preensambladas de profundidad completa es un desaf\u00edo y muchas veces no est\u00e1 disponible. El premontaje generalmente se limita a unir escuadras a los miembros de cuerda con miembros verticales y diagonales que se agregan en el campo.<\/p>\n<p>Ver la especificaci\u00f3n completa<\/p>\n<p>Construye tu puente ahora<\/p>\n<p>Encuentra un representante<\/p>\n<p>LIBERTY<\/p>\n<p>Puente<\/p>\n<p>Este puente est\u00e1 hecho de paneles prefabricados y ensamblados en m\u00f3dulos. Sigue la forma de profundidad constante del Voyager (Pratt Truss) pero est\u00e1 dise\u00f1ado para ser contenedorizado y f\u00e1cil de construir. Se prefiere como instalaci\u00f3n permanente o de emergencia y para propietarios con grandes inventarios.<\/p>\n<p>Ver la especificaci\u00f3n completa<\/p>\n<p>Construye tu puente ahora<\/p>\n<p>Encuentra un representante<\/p>\n<p>VOYAGER<\/p>\n<p>Puente<\/p>\n<p>Este estilo de truss de profundidad constante se configura a partir de un Truss Pratt utilizando elementos de cuerda paralelos y postes verticales. El Voyager funciona perfectamente como un puente vehicular en las entradas de veh\u00edculos o mejora las \u00e1reas de recreaci\u00f3n o las tierras del parque donde se experimenta el tr\u00e1fico ligero.<\/p>\n<p>Ver la especificaci\u00f3n completa<\/p>\n<p>Construye tu puente ahora<\/p>\n<p>Encuentra un representante<\/p>\n<p>CORTEZ<\/p>\n<p>Puente<\/p>\n<p>Este es un puente de viga simple que soporta una losa de cubierta de concreto y formas de permanecer en el lugar, o una tabla de puente y un sistema de asfalto. Es una soluci\u00f3n de tramo corto que es muy competitiva con alternativas de concreto pretensado, especialmente cuando el peso del miembro y las cargas muertas son una preocupaci\u00f3n.<\/p>\n<p>Ver la especificaci\u00f3n completa<\/p>\n<p>Construye tu puente ahora<\/p>\n<p>Encuentra un representante<\/p>\n<\/div><\/section>\n","protected":false},"excerpt":{"rendered":"","protected":false},"author":6,"featured_media":0,"parent":1137,"menu_order":0,"comment_status":"closed","ping_status":"closed","template":"","meta":{"footnotes":""},"class_list":["post-1123","page","type-page","status-publish","hentry"],"_links":{"self":[{"href":"https:\/\/usbridge.com\/es\/wp-json\/wp\/v2\/pages\/1123","targetHints":{"allow":["GET"]}}],"collection":[{"href":"https:\/\/usbridge.com\/es\/wp-json\/wp\/v2\/pages"}],"about":[{"href":"https:\/\/usbridge.com\/es\/wp-json\/wp\/v2\/types\/page"}],"author":[{"embeddable":true,"href":"https:\/\/usbridge.com\/es\/wp-json\/wp\/v2\/users\/6"}],"replies":[{"embeddable":true,"href":"https:\/\/usbridge.com\/es\/wp-json\/wp\/v2\/comments?post=1123"}],"version-history":[{"count":0,"href":"https:\/\/usbridge.com\/es\/wp-json\/wp\/v2\/pages\/1123\/revisions"}],"up":[{"embeddable":true,"href":"https:\/\/usbridge.com\/es\/wp-json\/wp\/v2\/pages\/1137"}],"wp:attachment":[{"href":"https:\/\/usbridge.com\/es\/wp-json\/wp\/v2\/media?parent=1123"}],"curies":[{"name":"wp","href":"https:\/\/api.w.org\/{rel}","templated":true}]}}