{"id":1111,"date":"2018-08-31T21:41:08","date_gmt":"2018-08-31T21:41:08","guid":{"rendered":"http:\/\/usbridge.com\/?page_id=1111"},"modified":"2018-09-17T12:45:22","modified_gmt":"2018-09-17T16:45:22","slug":"gallery-1","status":"publish","type":"page","link":"https:\/\/usbridge.com\/es\/gallery-1\/","title":{"rendered":"Gallery"},"content":{"rendered":"\n<style type=\"text\/css\" data-created_by=\"avia_inline_auto\" id=\"style-css-av-jkatbseg-dba9affee4b015c27144cc08df09a49a\">\n.avia-section.av-jkatbseg-dba9affee4b015c27144cc08df09a49a .av-parallax .av-parallax-inner{\nbackground-repeat:no-repeat;\nbackground-image:url(https:\/\/usbridge.com\/wp-content\/uploads\/2018\/06\/Concrete-Slab-Picture.jpg);\nbackground-position:50% 50%;\nbackground-attachment:scroll;\n}\n.avia-section.av-jkatbseg-dba9affee4b015c27144cc08df09a49a .av-section-color-overlay{\nopacity:0.8;\nbackground-color:#191919;\n}\n.avia-section.av-jkatbseg-dba9affee4b015c27144cc08df09a49a .av-extra-border-element .av-extra-border-inner{\nbackground-color:#ffffff;\n}\n<\/style>\n<div id='av_section_1'  class='avia-section av-jkatbseg-dba9affee4b015c27144cc08df09a49a main_color avia-section-huge avia-no-border-styling  avia-builder-el-0  el_before_av_section  avia-builder-el-first  usb-header avia-full-stretch av-parallax-section avia-bg-style-parallax av-section-color-overlay-active av-arrow-down-section av-minimum-height av-minimum-height-50 av-height-50  container_wrap sidebar_right'  data-section-bg-repeat='stretch' data-av_minimum_height_pc='50' data-av_min_height_opt='50'><div class='av-parallax' data-avia-parallax-ratio='0.3' ><div class='av-parallax-inner main_color avia-full-stretch'><\/div><\/div><div class=\"av-section-color-overlay-wrap\"><div class=\"av-section-color-overlay\"><\/div><div class='container av-section-cont-open' ><main  role=\"main\" itemprop=\"mainContentOfPage\"  class='template-page content  av-content-small alpha units'><div class='post-entry post-entry-type-page post-entry-1111'><div class='entry-content-wrapper clearfix'>\n\n<style type=\"text\/css\" data-created_by=\"avia_inline_auto\" id=\"style-css-av-jkatdpzc-db8cf508b63e6c433c9dc16417da665a\">\n#top .av_textblock_section.av-jkatdpzc-db8cf508b63e6c433c9dc16417da665a .avia_textblock{\nfont-size:40px;\ncolor:#ffffff;\n}\n<\/style>\n<section  class='av_textblock_section av-jkatdpzc-db8cf508b63e6c433c9dc16417da665a '   itemscope=\"itemscope\" itemtype=\"https:\/\/schema.org\/CreativeWork\" ><div class='avia_textblock av_inherit_color'  itemprop=\"text\" ><h1 style=\"text-align: center;\">GALERIA<\/h1>\n<\/div><\/section>\n<\/div><\/div><\/main><!-- close content main element --><\/div><div class='av-extra-border-element border-extra-arrow-down'><div class='av-extra-border-outer'><div class='av-extra-border-inner'><\/div><\/div><\/div><\/div><\/div><div id='av_section_2'  class='avia-section av-e3avs-daa8d88c89d7a104f82ecb6ad959f98b main_color avia-section-default avia-no-border-styling  avia-builder-el-2  el_after_av_section  avia-builder-el-last  avia-bg-style-scroll container_wrap sidebar_right'  ><div class='container av-section-cont-open' ><div class='template-page content  av-content-small alpha units'><div class='post-entry post-entry-type-page post-entry-1111'><div class='entry-content-wrapper clearfix'>\n<section  class='av_textblock_section av-jlpw0wll-bce926e36d0eed826a494b160ab85ae7 '   itemscope=\"itemscope\" itemtype=\"https:\/\/schema.org\/CreativeWork\" ><div class='avia_textblock'  itemprop=\"text\" ><h2 style=\"text-align: center;\">Nuestra galer\u00eda de proyectos de puentes completados<\/h2>\n<p style=\"text-align: center;\">U.S. Bridge ha completado proyectos de puentes en todo el pa\u00eds. Vea nuestra galer\u00eda de dise\u00f1os de puentes sostenibles que tienen un impacto.<\/p>\n<\/div><\/section>\n<div id='av-masonry-1' class='av-masonry av-jl517kn2-e92765a9d1e4e281b92c2fc78d4d3d52 noHover av-fixed-size av-1px-gap av-hover-overlay-active av-masonry-animation-active av-masonry-col-4 av-caption-on-hover av-caption-style-overlay av-masonry-entries usb-portfolio' data-post_id=\"1111\"><div class='av-masonry-sort main_color av-sort-yes' data-masonry-id='1' ><div class='av-sort-by-term  ' data-av-allowed-sort='[\"acero_sort\",\"caso-de-estudio_sort\",\"construccion_sort\",\"diseno-de-puente_sort\",\"noticias-de-la-industria_sort\"]' ><a href=\"#\" data-filter=\"all_sort\" class=\"all_sort_button active_sort\"><span class=\"inner_sort_button\"><span>Todo<\/span><small class=\"avia-term-count\"> 8 <\/small><\/span><\/a><span class='text-sep acero_sort_sep avia_show_sort'>\/<\/span><a href=\"#\" data-filter=\"acero_sort\" class=\"acero_sort_button avia_show_sort\" ><span class=\"inner_sort_button\"><span>Acero<\/span><small class='avia-term-count'> 1 <\/small><\/span><\/a><span class='text-sep caso-de-estudio_sort_sep avia_show_sort'>\/<\/span><a href=\"#\" data-filter=\"caso-de-estudio_sort\" class=\"caso-de-estudio_sort_button avia_show_sort\" ><span class=\"inner_sort_button\"><span>Casos de estudio<\/span><small class='avia-term-count'> 1 <\/small><\/span><\/a><span class='text-sep construccion_sort_sep avia_hide_sort'>\/<\/span><a href=\"#\" data-filter=\"construccion_sort\" class=\"construccion_sort_button avia_hide_sort\" ><span class=\"inner_sort_button\"><span>Construcci\u00f3n<\/span><small class='avia-term-count'> 0 <\/small><\/span><\/a><span class='text-sep diseno-de-puente_sort_sep avia_hide_sort'>\/<\/span><a href=\"#\" data-filter=\"diseno-de-puente_sort\" class=\"diseno-de-puente_sort_button avia_hide_sort\" ><span class=\"inner_sort_button\"><span>Dise\u00f1o de puente<\/span><small class='avia-term-count'> 0 <\/small><\/span><\/a><span class='text-sep noticias-de-la-industria_sort_sep avia_show_sort'>\/<\/span><a href=\"#\" data-filter=\"noticias-de-la-industria_sort\" class=\"noticias-de-la-industria_sort_button avia_show_sort\" ><span class=\"inner_sort_button\"><span>Noticias de la industria<\/span><small class='avia-term-count'> 6 <\/small><\/span><\/a><\/div><\/div><div class=\"av-masonry-container isotope av-js-disabled\"><div class='av-masonry-entry isotope-item av-masonry-item-no-image all_sort noticias-de-la-industria_sort  caso-de-estudio_sort  acero_sort '><\/div><a href=\"https:\/\/usbridge.com\/es\/video-de-puerto-rico-despues-del-huracan-maria\/\"  id='av-masonry-1-item-1810' data-av-masonry-item='1810' class='av-masonry-entry isotope-item post-1810 post type-post status-publish format-standard has-post-thumbnail hentry category-noticias-de-la-industria all_sort noticias-de-la-industria_sort  av-masonry-item-with-image' title=\"Video of Puerto Rico post Hurricane Maria\"   itemscope=\"itemscope\" itemtype=\"https:\/\/schema.org\/CreativeWork\" ><div class='av-inner-masonry-sizer'><\/div><figure class='av-inner-masonry main_color'><div class=\"av-masonry-outerimage-container\"><div class='av-masonry-image-container' style=\"background-image: url(https:\/\/usbridge.com\/wp-content\/uploads\/2018\/06\/Puerto-Rico-post-Hurricane-Maria-705x284.jpg);\"  title=\"Video of Puerto Rico post Hurricane Maria\"   alt=\"Video of Puerto Rico post Hurricane Maria\" ><\/div><\/div><figcaption class='av-inner-masonry-content site-background'><div class='av-inner-masonry-content-pos'><div class='av-inner-masonry-content-pos-content'><div class='avia-arrow'><\/div><h3 class='av-masonry-entry-title entry-title '  itemprop=\"headline\" >Video de Puerto Rico despu\u00e9s del hurac\u00e1n Mar\u00eda<\/h3><span class='av-masonry-date meta-color updated'>mayo 17, 2018<\/span><span class=\"av-masonry-text-sep text-sep-author\">\/<\/span><span class='av-masonry-author meta-color author'><span class='fn'>por Gloria Lowe<\/span><\/span><\/div><\/div><\/figcaption><\/figure><\/a><!--end av-masonry entry--><a href=\"https:\/\/usbridge.com\/es\/veanos-en-la-conferencia-2016-del-puente-de-ohio\/\"  id='av-masonry-1-item-2029' data-av-masonry-item='2029' class='av-masonry-entry isotope-item post-2029 post type-post status-publish format-standard has-post-thumbnail hentry category-noticias-de-la-industria all_sort noticias-de-la-industria_sort  av-masonry-item-with-image' title=\"See Us at the 2016 Ohio Bridge Conference\"   itemscope=\"itemscope\" itemtype=\"https:\/\/schema.org\/CreativeWork\" ><div class='av-inner-masonry-sizer'><\/div><figure class='av-inner-masonry main_color'><div class=\"av-masonry-outerimage-container\"><div class='av-masonry-image-container' style=\"background-image: url(https:\/\/usbridge.com\/wp-content\/uploads\/2016\/08\/Image-CEAO-U.S.-Bridge.png);\"  title=\"See Us at the 2016 Ohio Bridge Conference\"   alt=\"See Us at the 2016 Ohio Bridge Conference\" ><\/div><\/div><figcaption class='av-inner-masonry-content site-background'><div class='av-inner-masonry-content-pos'><div class='av-inner-masonry-content-pos-content'><div class='avia-arrow'><\/div><h3 class='av-masonry-entry-title entry-title '  itemprop=\"headline\" >V\u00e9anos en la Conferencia 2016 del Puente de Ohio<\/h3><span class='av-masonry-date meta-color updated'>agosto 15, 2016<\/span><span class=\"av-masonry-text-sep text-sep-author\">\/<\/span><span class='av-masonry-author meta-color author'><span class='fn'>por Astrid Mullix<\/span><\/span><\/div><\/div><\/figcaption><\/figure><\/a><!--end av-masonry entry--><a href=\"https:\/\/usbridge.com\/es\/una-vista-desde-arriba-los-aviones-no-tripulados-podrian-hacer-que-las-inspecciones-de-puentes-sean-mas-seguras\/\"  id='av-masonry-1-item-2015' data-av-masonry-item='2015' class='av-masonry-entry isotope-item post-2015 post type-post status-publish format-standard has-post-thumbnail hentry category-noticias-de-la-industria all_sort noticias-de-la-industria_sort  av-masonry-item-with-image' title=\"A View From Above &#8211; Drones Could Make Bridge Inspections Saferv\"   itemscope=\"itemscope\" itemtype=\"https:\/\/schema.org\/CreativeWork\" ><div class='av-inner-masonry-sizer'><\/div><figure class='av-inner-masonry main_color'><div class=\"av-masonry-outerimage-container\"><div class='av-masonry-image-container' style=\"background-image: url(https:\/\/usbridge.com\/wp-content\/uploads\/2018\/06\/Image-MnDOT-U.S.-Bridge.jpg);\"  title=\"A View From Above &#8211; Drones Could Make Bridge Inspections Saferv\"   alt=\"A View From Above - Drones Could Make Bridge Inspections Saferv\" ><\/div><\/div><figcaption class='av-inner-masonry-content site-background'><div class='av-inner-masonry-content-pos'><div class='av-inner-masonry-content-pos-content'><div class='avia-arrow'><\/div><h3 class='av-masonry-entry-title entry-title '  itemprop=\"headline\" >Una Vista Desde Arriba: Los Aviones No Tripulados Podr\u00edan Hacer que las Inspecciones de Puentes Sean M\u00e1s Seguras<\/h3><span class='av-masonry-date meta-color updated'>septiembre 12, 2016<\/span><span class=\"av-masonry-text-sep text-sep-author\">\/<\/span><span class='av-masonry-author meta-color author'><span class='fn'>por Astrid Mullix<\/span><\/span><\/div><\/div><\/figcaption><\/figure><\/a><!--end av-masonry entry--><a href=\"https:\/\/usbridge.com\/es\/un-recorrido-local-en-bicicleta-de-base-con-un-objetivo-acabar-con-el-cancer\/\"  id='av-masonry-1-item-2038' data-av-masonry-item='2038' class='av-masonry-entry isotope-item post-2038 post type-post status-publish format-standard has-post-thumbnail hentry category-noticias-de-la-industria all_sort noticias-de-la-industria_sort  av-masonry-item-with-image' title=\"A Local, Grassroots Bike Tour with One Goal: End Cancer\"   itemscope=\"itemscope\" itemtype=\"https:\/\/schema.org\/CreativeWork\" ><div class='av-inner-masonry-sizer'><\/div><figure class='av-inner-masonry main_color'><div class=\"av-masonry-outerimage-container\"><div class='av-masonry-image-container' style=\"background-image: url(https:\/\/usbridge.com\/wp-content\/uploads\/2018\/06\/Image-Pelotonia-2-U.S.-Bridge.png);\"  title=\"A Local, Grassroots Bike Tour with One Goal: End Cancer\"   alt=\"A Local, Grassroots Bike Tour with One Goal: End Cancer\" ><\/div><\/div><figcaption class='av-inner-masonry-content site-background'><div class='av-inner-masonry-content-pos'><div class='av-inner-masonry-content-pos-content'><div class='avia-arrow'><\/div><h3 class='av-masonry-entry-title entry-title '  itemprop=\"headline\" >Un recorrido local en bicicleta de base con un objetivo: acabar con el c\u00e1ncer<\/h3><span class='av-masonry-date meta-color updated'>agosto 5, 2016<\/span><span class=\"av-masonry-text-sep text-sep-author\">\/<\/span><span class='av-masonry-author meta-color author'><span class='fn'>por Astrid Mullix<\/span><\/span><\/div><\/div><\/figcaption><\/figure><\/a><!--end av-masonry entry--><a href=\"https:\/\/usbridge.com\/es\/u-s-bridge-se-dirige-a-maryland-para-la-conferencia-de-ceam\/\"  id='av-masonry-1-item-2009' data-av-masonry-item='2009' class='av-masonry-entry isotope-item post-2009 post type-post status-publish format-standard has-post-thumbnail hentry category-noticias-de-la-industria all_sort noticias-de-la-industria_sort  av-masonry-item-with-image' title=\"U.S. Bridge Heads to Maryland for CEAM Fall Conference\"   itemscope=\"itemscope\" itemtype=\"https:\/\/schema.org\/CreativeWork\" ><div class='av-inner-masonry-sizer'><\/div><figure class='av-inner-masonry main_color'><div class=\"av-masonry-outerimage-container\"><div class='av-masonry-image-container' style=\"background-image: url(https:\/\/usbridge.com\/wp-content\/uploads\/2018\/06\/Image-Baltimore-Maryland-U.S.-Bridge-705x270.jpg);\"  title=\"U.S. Bridge Heads to Maryland for CEAM Fall Conference\"   alt=\"U.S. Bridge Heads to Maryland for CEAM Fall Conference\" ><\/div><\/div><figcaption class='av-inner-masonry-content site-background'><div class='av-inner-masonry-content-pos'><div class='av-inner-masonry-content-pos-content'><div class='avia-arrow'><\/div><h3 class='av-masonry-entry-title entry-title '  itemprop=\"headline\" >U.S. Bridge se dirige a Maryland para la conferencia de CEAM<\/h3><span class='av-masonry-date meta-color updated'>septiembre 19, 2016<\/span><span class=\"av-masonry-text-sep text-sep-author\">\/<\/span><span class='av-masonry-author meta-color author'><span class='fn'>por Gloria Lowe<\/span><\/span><\/div><\/div><\/figcaption><\/figure><\/a><!--end av-masonry entry--><a href=\"https:\/\/usbridge.com\/es\/u-s-bridge-se-dirige-a-la-gran-manzana-para-hablar-sobre-autopistas-y-puentes\/\"  id='av-masonry-1-item-1993' data-av-masonry-item='1993' class='av-masonry-entry isotope-item post-1993 post type-post status-publish format-standard has-post-thumbnail hentry category-noticias-de-la-industria all_sort noticias-de-la-industria_sort  av-masonry-item-with-image' title=\"U.S. Bridge is Headed to the Big Apple to Talk Highways and Bridges\"   itemscope=\"itemscope\" itemtype=\"https:\/\/schema.org\/CreativeWork\" ><div class='av-inner-masonry-sizer'><\/div><figure class='av-inner-masonry main_color'><div class=\"av-masonry-outerimage-container\"><div class='av-masonry-image-container' style=\"background-image: url(https:\/\/usbridge.com\/wp-content\/uploads\/2018\/06\/W-Beam-Cabell-CoutyWV-705x400.jpg);\"  title=\"U.S. Bridge is Headed to the Big Apple to Talk Highways and Bridges\"   alt=\"U.S. Bridge is Headed to the Big Apple to Talk Highways and Bridges\" ><\/div><\/div><figcaption class='av-inner-masonry-content site-background'><div class='av-inner-masonry-content-pos'><div class='av-inner-masonry-content-pos-content'><div class='avia-arrow'><\/div><h3 class='av-masonry-entry-title entry-title '  itemprop=\"headline\" >U.S. Bridge se dirige a la Gran Manzana para hablar sobre autopistas y puentes<\/h3><span class='av-masonry-date meta-color updated'>enero 16, 2017<\/span><span class=\"av-masonry-text-sep text-sep-author\">\/<\/span><span class='av-masonry-author meta-color author'><span class='fn'>por Gloria Lowe<\/span><\/span><\/div><\/div><\/figcaption><\/figure><\/a><!--end av-masonry entry--><a href=\"https:\/\/usbridge.com\/es\/u-s-bridge-presentado-en-el-caso-de-estudio-de-cannelville-road-bridge\/\"  id='av-masonry-1-item-1982' data-av-masonry-item='1982' class='av-masonry-entry isotope-item post-1982 post type-post status-publish format-standard has-post-thumbnail hentry category-caso-de-estudio all_sort caso-de-estudio_sort  av-masonry-item-with-image' title=\"U.S. Bridge Featured in Cannelville Road Bridge Case Study\"   itemscope=\"itemscope\" itemtype=\"https:\/\/schema.org\/CreativeWork\" ><div class='av-inner-masonry-sizer'><\/div><figure class='av-inner-masonry main_color'><div class=\"av-masonry-outerimage-container\"><div class='av-masonry-image-container' style=\"background-image: url(https:\/\/usbridge.com\/wp-content\/uploads\/2018\/06\/case-study-base-bridge-705x450.jpg);\"  title=\"U.S. Bridge Featured in Cannelville Road Bridge Case Study\"   alt=\"U.S. Bridge Featured in Cannelville Road Bridge Case Study\" ><\/div><\/div><figcaption class='av-inner-masonry-content site-background'><div class='av-inner-masonry-content-pos'><div class='av-inner-masonry-content-pos-content'><div class='avia-arrow'><\/div><h3 class='av-masonry-entry-title entry-title '  itemprop=\"headline\" >U.S. Bridge presentado en el caso de estudio de Cannelville Road Bridge<\/h3><span class='av-masonry-date meta-color updated'>enero 17, 2017<\/span><span class=\"av-masonry-text-sep text-sep-author\">\/<\/span><span class='av-masonry-author meta-color author'><span class='fn'>por Gloria Lowe<\/span><\/span><\/div><\/div><\/figcaption><\/figure><\/a><!--end av-masonry entry--><a href=\"https:\/\/usbridge.com\/es\/u-s-bridge-esta-orgulloso-de-celebrar-steelday-2016\/\"  id='av-masonry-1-item-2003' data-av-masonry-item='2003' class='av-masonry-entry isotope-item post-2003 post type-post status-publish format-standard has-post-thumbnail hentry category-acero all_sort acero_sort  av-masonry-item-with-image' title=\"U.S. Bridge is Proud to Celebrate SteelDay 2016\"   itemscope=\"itemscope\" itemtype=\"https:\/\/schema.org\/CreativeWork\" ><div class='av-inner-masonry-sizer'><\/div><figure class='av-inner-masonry main_color'><div class=\"av-masonry-outerimage-container\"><div class='av-masonry-image-container' style=\"background-image: url(https:\/\/usbridge.com\/wp-content\/uploads\/2018\/06\/IMG_9898-2-705x240.jpg);\"  title=\"U.S. Bridge is Proud to Celebrate SteelDay 2016\"   alt=\"U.S. Bridge is Proud to Celebrate SteelDay 2016\" ><\/div><\/div><figcaption class='av-inner-masonry-content site-background'><div class='av-inner-masonry-content-pos'><div class='av-inner-masonry-content-pos-content'><div class='avia-arrow'><\/div><h3 class='av-masonry-entry-title entry-title '  itemprop=\"headline\" >U.S. Bridge est\u00e1 orgulloso de celebrar SteelDay 2016<\/h3><span class='av-masonry-date meta-color updated'>septiembre 30, 2016<\/span><span class=\"av-masonry-text-sep text-sep-author\">\/<\/span><span class='av-masonry-author meta-color author'><span class='fn'>por Gloria Lowe<\/span><\/span><\/div><\/div><\/figcaption><\/figure><\/a><!--end av-masonry entry--><\/div><\/div>\n<\/div><\/div><\/div><!-- close content main div --><\/div><\/div><div id='after_section_2'  class='main_color av_default_container_wrap container_wrap sidebar_right'  ><div class='container av-section-cont-open' ><div class='template-page content  av-content-small alpha units'><div class='post-entry post-entry-type-page post-entry-1111'><div class='entry-content-wrapper clearfix'><\/p>\n","protected":false},"excerpt":{"rendered":"","protected":false},"author":6,"featured_media":0,"parent":0,"menu_order":0,"comment_status":"closed","ping_status":"closed","template":"","meta":{"footnotes":""},"class_list":["post-1111","page","type-page","status-publish","hentry"],"_links":{"self":[{"href":"https:\/\/usbridge.com\/es\/wp-json\/wp\/v2\/pages\/1111","targetHints":{"allow":["GET"]}}],"collection":[{"href":"https:\/\/usbridge.com\/es\/wp-json\/wp\/v2\/pages"}],"about":[{"href":"https:\/\/usbridge.com\/es\/wp-json\/wp\/v2\/types\/page"}],"author":[{"embeddable":true,"href":"https:\/\/usbridge.com\/es\/wp-json\/wp\/v2\/users\/6"}],"replies":[{"embeddable":true,"href":"https:\/\/usbridge.com\/es\/wp-json\/wp\/v2\/comments?post=1111"}],"version-history":[{"count":0,"href":"https:\/\/usbridge.com\/es\/wp-json\/wp\/v2\/pages\/1111\/revisions"}],"wp:attachment":[{"href":"https:\/\/usbridge.com\/es\/wp-json\/wp\/v2\/media?parent=1111"}],"curies":[{"name":"wp","href":"https:\/\/api.w.org\/{rel}","templated":true}]}}