{"id":1085,"date":"2018-08-31T20:46:22","date_gmt":"2018-08-31T20:46:22","guid":{"rendered":"http:\/\/usbridge.com\/?page_id=1085"},"modified":"2018-08-31T20:46:22","modified_gmt":"2018-08-31T20:46:22","slug":"seneca","status":"publish","type":"page","link":"https:\/\/usbridge.com\/es\/puentes\/seneca\/","title":{"rendered":"Seneca"},"content":{"rendered":"<p>DESCRIPCI\u00d3N DEL PROYECTO<br \/>\nUn puente de viga Pratt Truss de cuerda arqueada formado por una curvatura mec\u00e1nica de la cuerda superior en forma de arco a lo largo de una curva parab\u00f3lica. Tiene miembros verticales en cada punto del panel que encoge los rayos del piso y minimiza o elimina los larguerillos. El estilo Seneca tiene un aspecto elegante que es est\u00e9ticamente agradable y se utiliza generalmente para mejorar las \u00e1reas comerciales, entradas de veh\u00edculos o puntos de entrada.<\/p>\n<p>1 LANE<br \/>\nRango de ancho: 12 pies &#8211; 18 pies \/ Rango de alcance M\u00e1x .: 200 pies &#8211; 190 pies<br \/>\n2 LANES<br \/>\nRango de ancho: 20 pies &#8211; 34 pies \/ rango de alcance m\u00e1ximo: 180 pies &#8211; 160 pies<br \/>\n3 LANES<br \/>\nRango de ancho: 35 pies &#8211; 44 pies \/ rango de alcance m\u00e1ximo: 160 pies &#8211; 140 pies<\/p>\n","protected":false},"excerpt":{"rendered":"<p>DESCRIPCI\u00d3N DEL PROYECTO Un puente de viga Pratt Truss de cuerda arqueada formado por una curvatura mec\u00e1nica de la cuerda superior en forma de arco a lo largo de una curva parab\u00f3lica. Tiene miembros verticales en cada punto del panel que encoge los rayos del piso y minimiza o elimina los larguerillos. El estilo Seneca [&hellip;]<\/p>\n","protected":false},"author":6,"featured_media":0,"parent":1072,"menu_order":0,"comment_status":"closed","ping_status":"closed","template":"","meta":{"footnotes":""},"class_list":["post-1085","page","type-page","status-publish","hentry"],"_links":{"self":[{"href":"https:\/\/usbridge.com\/es\/wp-json\/wp\/v2\/pages\/1085","targetHints":{"allow":["GET"]}}],"collection":[{"href":"https:\/\/usbridge.com\/es\/wp-json\/wp\/v2\/pages"}],"about":[{"href":"https:\/\/usbridge.com\/es\/wp-json\/wp\/v2\/types\/page"}],"author":[{"embeddable":true,"href":"https:\/\/usbridge.com\/es\/wp-json\/wp\/v2\/users\/6"}],"replies":[{"embeddable":true,"href":"https:\/\/usbridge.com\/es\/wp-json\/wp\/v2\/comments?post=1085"}],"version-history":[{"count":0,"href":"https:\/\/usbridge.com\/es\/wp-json\/wp\/v2\/pages\/1085\/revisions"}],"up":[{"embeddable":true,"href":"https:\/\/usbridge.com\/es\/wp-json\/wp\/v2\/pages\/1072"}],"wp:attachment":[{"href":"https:\/\/usbridge.com\/es\/wp-json\/wp\/v2\/media?parent=1085"}],"curies":[{"name":"wp","href":"https:\/\/api.w.org\/{rel}","templated":true}]}}